{"id":109,"date":"2018-06-24T16:01:56","date_gmt":"2018-06-24T16:01:56","guid":{"rendered":"http:\/\/jgv-kripp.de\/?page_id=109"},"modified":"2019-01-09T08:28:10","modified_gmt":"2019-01-09T08:28:10","slug":"maibaum","status":"publish","type":"page","link":"https:\/\/jgv-kripp.de\/?page_id=109","title":{"rendered":"Maibaum"},"content":{"rendered":"<h1>Maibaum<\/h1>\n<p>Am letzten Samstag im April wird traditionell der Maibaum durch den Junggesellenverein auf dem Dorfplatz in der Ortsmitte aufgestellt. Hierzu trifft man sich fr\u00fch am Morgen und macht sich mit einem Traktor auf in den Remagener Stadtwald um eine passende Fichte zu f\u00e4llen. Gespendet wir der Baum jedes Jahr von der Stadt Remagen. Nachdem man mit dem Baum in der Ortsmitte angekommen ist wird die Rinde entfernt, der Stamm mit einer sch\u00f6nen Spitze versehen und nat\u00fcrlich mit bunten B\u00e4ndern geschm\u00fcckt. Danach erfolgt dann das Aufstellen des Baumes, mit sogenanten &#8222;Stiepen&#8220;. Diese bestehen aus zwei Holzst\u00e4mmen und einen geflochtenen Seil was um den Baum gelegt wird. So kann er dann mit Muskelkraft nach und nach in eine senkrechte Position gedr\u00fcckt werden. Aus Sicherheitsgr\u00fcnden wird der Baum mit einer Seilwinde an einem LKW der Stadt Remagen gesichert.<\/p>\n<p>&nbsp;<\/p>\n<div id='gallery-1' class='gallery galleryid-109 gallery-columns-2 gallery-size-large'><figure class='gallery-item'>\n\t\t\t<div class='gallery-icon landscape'>\n\t\t\t\t<a href='https:\/\/jgv-kripp.de\/wp-content\/uploads\/2018\/06\/maibaum1.jpg'><img loading=\"lazy\" decoding=\"async\" width=\"330\" height=\"255\" src=\"https:\/\/jgv-kripp.de\/wp-content\/uploads\/2018\/06\/maibaum1.jpg\" class=\"attachment-large size-large\" alt=\"\" srcset=\"https:\/\/jgv-kripp.de\/wp-content\/uploads\/2018\/06\/maibaum1.jpg 330w, https:\/\/jgv-kripp.de\/wp-content\/uploads\/2018\/06\/maibaum1-300x232.jpg 300w\" sizes=\"auto, (max-width: 330px) 100vw, 330px\" \/><\/a>\n\t\t\t<\/div><\/figure><figure class='gallery-item'>\n\t\t\t<div class='gallery-icon landscape'>\n\t\t\t\t<a href='https:\/\/jgv-kripp.de\/wp-content\/uploads\/2018\/06\/maibaum2.jpg'><img loading=\"lazy\" decoding=\"async\" width=\"330\" height=\"255\" src=\"https:\/\/jgv-kripp.de\/wp-content\/uploads\/2018\/06\/maibaum2.jpg\" class=\"attachment-large size-large\" alt=\"\" srcset=\"https:\/\/jgv-kripp.de\/wp-content\/uploads\/2018\/06\/maibaum2.jpg 330w, https:\/\/jgv-kripp.de\/wp-content\/uploads\/2018\/06\/maibaum2-300x232.jpg 300w\" sizes=\"auto, (max-width: 330px) 100vw, 330px\" \/><\/a>\n\t\t\t<\/div><\/figure><figure class='gallery-item'>\n\t\t\t<div class='gallery-icon landscape'>\n\t\t\t\t<a href='https:\/\/jgv-kripp.de\/wp-content\/uploads\/2018\/06\/maibaum3.jpg'><img loading=\"lazy\" decoding=\"async\" width=\"330\" height=\"255\" src=\"https:\/\/jgv-kripp.de\/wp-content\/uploads\/2018\/06\/maibaum3.jpg\" class=\"attachment-large size-large\" alt=\"\" srcset=\"https:\/\/jgv-kripp.de\/wp-content\/uploads\/2018\/06\/maibaum3.jpg 330w, https:\/\/jgv-kripp.de\/wp-content\/uploads\/2018\/06\/maibaum3-300x232.jpg 300w\" sizes=\"auto, (max-width: 330px) 100vw, 330px\" \/><\/a>\n\t\t\t<\/div><\/figure><figure class='gallery-item'>\n\t\t\t<div class='gallery-icon landscape'>\n\t\t\t\t<a href='https:\/\/jgv-kripp.de\/wp-content\/uploads\/2018\/06\/maibaum4.jpg'><img loading=\"lazy\" decoding=\"async\" width=\"330\" height=\"255\" src=\"https:\/\/jgv-kripp.de\/wp-content\/uploads\/2018\/06\/maibaum4.jpg\" class=\"attachment-large size-large\" alt=\"\" srcset=\"https:\/\/jgv-kripp.de\/wp-content\/uploads\/2018\/06\/maibaum4.jpg 330w, https:\/\/jgv-kripp.de\/wp-content\/uploads\/2018\/06\/maibaum4-300x232.jpg 300w\" sizes=\"auto, (max-width: 330px) 100vw, 330px\" \/><\/a>\n\t\t\t<\/div><\/figure><figure class='gallery-item'>\n\t\t\t<div class='gallery-icon landscape'>\n\t\t\t\t<a href='https:\/\/jgv-kripp.de\/wp-content\/uploads\/2018\/06\/maibaum5-1.jpg'><img loading=\"lazy\" decoding=\"async\" width=\"330\" height=\"255\" src=\"https:\/\/jgv-kripp.de\/wp-content\/uploads\/2018\/06\/maibaum5-1.jpg\" class=\"attachment-large size-large\" alt=\"\" srcset=\"https:\/\/jgv-kripp.de\/wp-content\/uploads\/2018\/06\/maibaum5-1.jpg 330w, https:\/\/jgv-kripp.de\/wp-content\/uploads\/2018\/06\/maibaum5-1-300x232.jpg 300w\" sizes=\"auto, (max-width: 330px) 100vw, 330px\" \/><\/a>\n\t\t\t<\/div><\/figure><figure class='gallery-item'>\n\t\t\t<div class='gallery-icon landscape'>\n\t\t\t\t<a href='https:\/\/jgv-kripp.de\/wp-content\/uploads\/2018\/06\/maibaum6.jpg'><img loading=\"lazy\" decoding=\"async\" width=\"330\" height=\"255\" src=\"https:\/\/jgv-kripp.de\/wp-content\/uploads\/2018\/06\/maibaum6.jpg\" class=\"attachment-large size-large\" alt=\"\" srcset=\"https:\/\/jgv-kripp.de\/wp-content\/uploads\/2018\/06\/maibaum6.jpg 330w, https:\/\/jgv-kripp.de\/wp-content\/uploads\/2018\/06\/maibaum6-300x232.jpg 300w\" sizes=\"auto, (max-width: 330px) 100vw, 330px\" \/><\/a>\n\t\t\t<\/div><\/figure>\n\t\t<\/div>\n\n","protected":false},"excerpt":{"rendered":"<p>Maibaum Am letzten Samstag im April wird traditionell der Maibaum durch den Junggesellenverein auf dem Dorfplatz in der Ortsmitte aufgestellt. Hierzu trifft man sich fr\u00fch am Morgen und macht sich mit einem Traktor auf in den Remagener Stadtwald um eine passende Fichte zu f\u00e4llen. Gespendet wir der Baum jedes Jahr von der Stadt Remagen. Nachdem man mit dem Baum in der Ortsmitte angekommen ist wird die Rinde entfernt, der Stamm mit einer sch\u00f6nen Spitze versehen&hellip; <\/p>\n","protected":false},"author":1,"featured_media":0,"parent":0,"menu_order":0,"comment_status":"closed","ping_status":"closed","template":"","meta":{"footnotes":""},"class_list":["post-109","page","type-page","status-publish","hentry"],"_links":{"self":[{"href":"https:\/\/jgv-kripp.de\/index.php?rest_route=\/wp\/v2\/pages\/109","targetHints":{"allow":["GET"]}}],"collection":[{"href":"https:\/\/jgv-kripp.de\/index.php?rest_route=\/wp\/v2\/pages"}],"about":[{"href":"https:\/\/jgv-kripp.de\/index.php?rest_route=\/wp\/v2\/types\/page"}],"author":[{"embeddable":true,"href":"https:\/\/jgv-kripp.de\/index.php?rest_route=\/wp\/v2\/users\/1"}],"replies":[{"embeddable":true,"href":"https:\/\/jgv-kripp.de\/index.php?rest_route=%2Fwp%2Fv2%2Fcomments&post=109"}],"version-history":[{"count":3,"href":"https:\/\/jgv-kripp.de\/index.php?rest_route=\/wp\/v2\/pages\/109\/revisions"}],"predecessor-version":[{"id":681,"href":"https:\/\/jgv-kripp.de\/index.php?rest_route=\/wp\/v2\/pages\/109\/revisions\/681"}],"wp:attachment":[{"href":"https:\/\/jgv-kripp.de\/index.php?rest_route=%2Fwp%2Fv2%2Fmedia&parent=109"}],"curies":[{"name":"wp","href":"https:\/\/api.w.org\/{rel}","templated":true}]}}