{"id":110,"date":"2018-06-24T16:01:56","date_gmt":"2018-06-24T16:01:56","guid":{"rendered":"http:\/\/jgv-kripp.de\/?page_id=110"},"modified":"2019-01-09T08:28:32","modified_gmt":"2019-01-09T08:28:32","slug":"maikirmes","status":"publish","type":"page","link":"https:\/\/jgv-kripp.de\/?page_id=110","title":{"rendered":"Maikirmes"},"content":{"rendered":"<h1>Maikirmes<\/h1>\n<div id=\"Blocksatz\">Wenn man in Kripp rief \u201edie Kn\u00f6ppelchesjonge kumme\u201c dann war Kripper Maikirmes. Im Dorf waren die H\u00e4user an den Kirmestagen bund geschm\u00fcckt. Tanz war im Gasthaus Rhein-Ahr und die Fahrgesch\u00e4fte und Schie\u00dfbuden standen auf dem alten Schulhof, dem heutigen Ortsmittenplatz. Heute feiert man in einem Zelt auf dem Johannes-Gerhard-Kirschbaum Platz wo auch die Fahrgesch\u00e4fte und Schie\u00dfbuden platz finden. Die Kirmes beginnt Freitags meistens mit einen Livekonzert. Nach einem kurzen Festzug am Samstag Abend beginnt dann offiziell die Kirmes mit dem Fassanstich. Anschlie\u00dfend wird dann bei Discokl\u00e4ngen oder bei Tanzmusik bis in die fr\u00fchen Morgenstunden gefeiert. Der Sonntag beginnt Traditionell um 5 Uhr mit dem Weckruf. Anschlie\u00dfend ist dann eine Messe f\u00fcr den Junggesellenverein Freundschaftsbund. Nach der Messe geht man zusammen in einem kleinen Festzug zum Zelt wo man bei z\u00fcnftiger Musik zum Fr\u00fchschoppen auf seine Kosten kommt. Der Sonntag Nachmittag steht dann ganz im Zeichen der Familie. Am Montag findet traditionell der B\u00fcrgerfr\u00fchschoppen mit den Rhein-Ahr Spatzen statt. Den Tanz Er\u00f6ffnet traditionell der amtierende K\u00f6nig des Vereins am Nachmittag. Nach einigen Ehrungen durch den Pr\u00e4sidenten wird dann am Abend der Kirmesmann verbrand. Auch eine Kirmes geht mal zu Ende, und man Freud ich schon auf\u00b4s n\u00e4chste Jahr \u2013 wen es wieder hei\u00dft \u201eDie K\u00f6ppelchesjonge kumme\u201c.<\/div>\n<div><\/div>\n<div>\n<div id='gallery-1' class='gallery galleryid-110 gallery-columns-2 gallery-size-large'><figure class='gallery-item'>\n\t\t\t<div class='gallery-icon landscape'>\n\t\t\t\t<a href='https:\/\/jgv-kripp.de\/wp-content\/uploads\/2018\/06\/kirmes5.jpg'><img loading=\"lazy\" decoding=\"async\" width=\"330\" height=\"255\" src=\"https:\/\/jgv-kripp.de\/wp-content\/uploads\/2018\/06\/kirmes5.jpg\" class=\"attachment-large size-large\" alt=\"\" aria-describedby=\"gallery-1-170\" srcset=\"https:\/\/jgv-kripp.de\/wp-content\/uploads\/2018\/06\/kirmes5.jpg 330w, https:\/\/jgv-kripp.de\/wp-content\/uploads\/2018\/06\/kirmes5-300x232.jpg 300w\" sizes=\"auto, (max-width: 330px) 100vw, 330px\" \/><\/a>\n\t\t\t<\/div>\n\t\t\t\t<figcaption class='wp-caption-text gallery-caption' id='gallery-1-170'>\n\t\t\t\tKirmes 2016\n\t\t\t\t<\/figcaption><\/figure><figure class='gallery-item'>\n\t\t\t<div class='gallery-icon landscape'>\n\t\t\t\t<a href='https:\/\/jgv-kripp.de\/wp-content\/uploads\/2018\/06\/kirmes6.jpg'><img loading=\"lazy\" decoding=\"async\" width=\"330\" height=\"255\" src=\"https:\/\/jgv-kripp.de\/wp-content\/uploads\/2018\/06\/kirmes6.jpg\" class=\"attachment-large size-large\" alt=\"\" srcset=\"https:\/\/jgv-kripp.de\/wp-content\/uploads\/2018\/06\/kirmes6.jpg 330w, https:\/\/jgv-kripp.de\/wp-content\/uploads\/2018\/06\/kirmes6-300x232.jpg 300w\" sizes=\"auto, (max-width: 330px) 100vw, 330px\" \/><\/a>\n\t\t\t<\/div><\/figure><figure class='gallery-item'>\n\t\t\t<div class='gallery-icon landscape'>\n\t\t\t\t<a href='https:\/\/jgv-kripp.de\/wp-content\/uploads\/2018\/06\/kirmes4.jpg'><img loading=\"lazy\" decoding=\"async\" width=\"330\" height=\"255\" src=\"https:\/\/jgv-kripp.de\/wp-content\/uploads\/2018\/06\/kirmes4.jpg\" class=\"attachment-large size-large\" alt=\"\" srcset=\"https:\/\/jgv-kripp.de\/wp-content\/uploads\/2018\/06\/kirmes4.jpg 330w, https:\/\/jgv-kripp.de\/wp-content\/uploads\/2018\/06\/kirmes4-300x232.jpg 300w\" sizes=\"auto, (max-width: 330px) 100vw, 330px\" \/><\/a>\n\t\t\t<\/div><\/figure><figure class='gallery-item'>\n\t\t\t<div class='gallery-icon landscape'>\n\t\t\t\t<a href='https:\/\/jgv-kripp.de\/wp-content\/uploads\/2018\/06\/kirmes3.jpg'><img loading=\"lazy\" decoding=\"async\" width=\"330\" height=\"255\" src=\"https:\/\/jgv-kripp.de\/wp-content\/uploads\/2018\/06\/kirmes3.jpg\" class=\"attachment-large size-large\" alt=\"\" srcset=\"https:\/\/jgv-kripp.de\/wp-content\/uploads\/2018\/06\/kirmes3.jpg 330w, https:\/\/jgv-kripp.de\/wp-content\/uploads\/2018\/06\/kirmes3-300x232.jpg 300w\" sizes=\"auto, (max-width: 330px) 100vw, 330px\" \/><\/a>\n\t\t\t<\/div><\/figure><figure class='gallery-item'>\n\t\t\t<div class='gallery-icon landscape'>\n\t\t\t\t<a href='https:\/\/jgv-kripp.de\/wp-content\/uploads\/2018\/06\/kirmes2.jpg'><img loading=\"lazy\" decoding=\"async\" width=\"330\" height=\"255\" src=\"https:\/\/jgv-kripp.de\/wp-content\/uploads\/2018\/06\/kirmes2.jpg\" class=\"attachment-large size-large\" alt=\"\" srcset=\"https:\/\/jgv-kripp.de\/wp-content\/uploads\/2018\/06\/kirmes2.jpg 330w, https:\/\/jgv-kripp.de\/wp-content\/uploads\/2018\/06\/kirmes2-300x232.jpg 300w\" sizes=\"auto, (max-width: 330px) 100vw, 330px\" \/><\/a>\n\t\t\t<\/div><\/figure><figure class='gallery-item'>\n\t\t\t<div class='gallery-icon landscape'>\n\t\t\t\t<a href='https:\/\/jgv-kripp.de\/wp-content\/uploads\/2018\/06\/kirmes1.jpg'><img loading=\"lazy\" decoding=\"async\" width=\"330\" height=\"255\" src=\"https:\/\/jgv-kripp.de\/wp-content\/uploads\/2018\/06\/kirmes1.jpg\" class=\"attachment-large size-large\" alt=\"\" srcset=\"https:\/\/jgv-kripp.de\/wp-content\/uploads\/2018\/06\/kirmes1.jpg 330w, https:\/\/jgv-kripp.de\/wp-content\/uploads\/2018\/06\/kirmes1-300x232.jpg 300w\" sizes=\"auto, (max-width: 330px) 100vw, 330px\" \/><\/a>\n\t\t\t<\/div><\/figure>\n\t\t<\/div>\n\n<\/div>\n<p>&nbsp;<\/p>\n","protected":false},"excerpt":{"rendered":"<p>Maikirmes Wenn man in Kripp rief \u201edie Kn\u00f6ppelchesjonge kumme\u201c dann war Kripper Maikirmes. Im Dorf waren die H\u00e4user an den Kirmestagen bund geschm\u00fcckt. Tanz war im Gasthaus Rhein-Ahr und die Fahrgesch\u00e4fte und Schie\u00dfbuden standen auf dem alten Schulhof, dem heutigen Ortsmittenplatz. Heute feiert man in einem Zelt auf dem Johannes-Gerhard-Kirschbaum Platz wo auch die Fahrgesch\u00e4fte und Schie\u00dfbuden platz finden. Die Kirmes beginnt Freitags meistens mit einen Livekonzert. Nach einem kurzen Festzug am Samstag Abend beginnt&hellip; <\/p>\n","protected":false},"author":1,"featured_media":0,"parent":0,"menu_order":0,"comment_status":"closed","ping_status":"closed","template":"","meta":{"footnotes":""},"class_list":["post-110","page","type-page","status-publish","hentry"],"_links":{"self":[{"href":"https:\/\/jgv-kripp.de\/index.php?rest_route=\/wp\/v2\/pages\/110","targetHints":{"allow":["GET"]}}],"collection":[{"href":"https:\/\/jgv-kripp.de\/index.php?rest_route=\/wp\/v2\/pages"}],"about":[{"href":"https:\/\/jgv-kripp.de\/index.php?rest_route=\/wp\/v2\/types\/page"}],"author":[{"embeddable":true,"href":"https:\/\/jgv-kripp.de\/index.php?rest_route=\/wp\/v2\/users\/1"}],"replies":[{"embeddable":true,"href":"https:\/\/jgv-kripp.de\/index.php?rest_route=%2Fwp%2Fv2%2Fcomments&post=110"}],"version-history":[{"count":4,"href":"https:\/\/jgv-kripp.de\/index.php?rest_route=\/wp\/v2\/pages\/110\/revisions"}],"predecessor-version":[{"id":682,"href":"https:\/\/jgv-kripp.de\/index.php?rest_route=\/wp\/v2\/pages\/110\/revisions\/682"}],"wp:attachment":[{"href":"https:\/\/jgv-kripp.de\/index.php?rest_route=%2Fwp%2Fv2%2Fmedia&parent=110"}],"curies":[{"name":"wp","href":"https:\/\/api.w.org\/{rel}","templated":true}]}}