{"id":111,"date":"2018-06-24T16:01:56","date_gmt":"2018-06-24T16:01:56","guid":{"rendered":"http:\/\/jgv-kripp.de\/?page_id=111"},"modified":"2019-01-09T08:28:53","modified_gmt":"2019-01-09T08:28:53","slug":"martinstag","status":"publish","type":"page","link":"https:\/\/jgv-kripp.de\/?page_id=111","title":{"rendered":"Martinstag"},"content":{"rendered":"<h1>Martinstag<\/h1>\n<p>Im November wurde zu Ehren des heiligen St. Martin am Rheinufer das Martinsfeuer abgebrannt. Eine Woche zog man mit kleinen Handwagen durch den Ort. Man Klingelte an jeder Haust\u00fcre und nahm alles Brennbare mit was man finden konnte. Einige Einwohner warteten schon auf uns, da sie \u00fcber Wochen brennbares Material f\u00fcr uns gesammelt hatten. Wenn man kein Brenngut hatte, Spendete man ein paar Groschen, und es wurde das \u201eDotzelied\u201c gesungen. Ein paar Tage vor dem Martinstag traf man sich an der Ahrbr\u00fccke um abgestorbene \u00c4ste zu sammeln und sie zum Martinsfeuer zu bringen. So entstand nach und nach ein sch\u00f6nes Feuer was durch die Feuerwehr aufgestapelt wurde. Am Martinsabend traf man sich auf dem Schulhof zur Fackelpr\u00e4mierung. Es wurden nur die Fackeln pr\u00e4miert, die von den Kindern ohne Hilfe eines Erwachsenen gebastelt wurden. Wenn St. Martin auf dem Schulhof eintraf, wurden Weckm\u00e4nner mit Tonpfeifen verteilt. Danach ging man gemeinsam mit den Erwachsenen singend zum Martinsfeuer welches durch die Feuerwehr angez\u00fcndet wurde. Heute wird das Martinsfeuer au\u00dferhalb der Wohngebiete im Badenacker abgebrannt. Der Junggesellenverein \u00f6ffnet diesen Platz an zwei Samstagen vor dem Martinsfest, wo die Einwohner von Kripp ihr Brennmaterial hinbringen k\u00f6nnen. Am Martinsabend findet morgens in der Schule und in den Kinderg\u00e4rten das Martinsspiel statt. Am Abend trifft man sich an der Grundschule und geht in einem Festzug gemeinsam zum Feuer. Anschlie\u00dfend gibt es dann die hei\u00dfbegerten Weckm\u00e4nner und nat\u00fcrlich den traditionellen Uhles in den R\u00e4umen der Feuerwehr Kripp. Die Fackelpr\u00e4mierung gibt es leider nicht mehr, aber daf\u00fcr bekommen die Schule und die beiden Kinderg\u00e4rten den Erl\u00f6s aus dem Losverkauf des Junggesellenvereins.<\/p>\n<div id='gallery-1' class='gallery galleryid-111 gallery-columns-2 gallery-size-large'><figure class='gallery-item'>\n\t\t\t<div class='gallery-icon portrait'>\n\t\t\t\t<a href='https:\/\/jgv-kripp.de\/wp-content\/uploads\/2018\/06\/martinstag.jpg'><img loading=\"lazy\" decoding=\"async\" width=\"536\" height=\"952\" src=\"https:\/\/jgv-kripp.de\/wp-content\/uploads\/2018\/06\/martinstag.jpg\" class=\"attachment-large size-large\" alt=\"\" srcset=\"https:\/\/jgv-kripp.de\/wp-content\/uploads\/2018\/06\/martinstag.jpg 536w, https:\/\/jgv-kripp.de\/wp-content\/uploads\/2018\/06\/martinstag-169x300.jpg 169w\" sizes=\"auto, (max-width: 536px) 100vw, 536px\" \/><\/a>\n\t\t\t<\/div><\/figure>\n\t\t<\/div>\n\n","protected":false},"excerpt":{"rendered":"<p>Martinstag Im November wurde zu Ehren des heiligen St. Martin am Rheinufer das Martinsfeuer abgebrannt. Eine Woche zog man mit kleinen Handwagen durch den Ort. Man Klingelte an jeder Haust\u00fcre und nahm alles Brennbare mit was man finden konnte. Einige Einwohner warteten schon auf uns, da sie \u00fcber Wochen brennbares Material f\u00fcr uns gesammelt hatten. Wenn man kein Brenngut hatte, Spendete man ein paar Groschen, und es wurde das \u201eDotzelied\u201c gesungen. Ein paar Tage vor&hellip; <\/p>\n","protected":false},"author":1,"featured_media":0,"parent":0,"menu_order":0,"comment_status":"closed","ping_status":"closed","template":"","meta":{"footnotes":""},"class_list":["post-111","page","type-page","status-publish","hentry"],"_links":{"self":[{"href":"https:\/\/jgv-kripp.de\/index.php?rest_route=\/wp\/v2\/pages\/111","targetHints":{"allow":["GET"]}}],"collection":[{"href":"https:\/\/jgv-kripp.de\/index.php?rest_route=\/wp\/v2\/pages"}],"about":[{"href":"https:\/\/jgv-kripp.de\/index.php?rest_route=\/wp\/v2\/types\/page"}],"author":[{"embeddable":true,"href":"https:\/\/jgv-kripp.de\/index.php?rest_route=\/wp\/v2\/users\/1"}],"replies":[{"embeddable":true,"href":"https:\/\/jgv-kripp.de\/index.php?rest_route=%2Fwp%2Fv2%2Fcomments&post=111"}],"version-history":[{"count":3,"href":"https:\/\/jgv-kripp.de\/index.php?rest_route=\/wp\/v2\/pages\/111\/revisions"}],"predecessor-version":[{"id":683,"href":"https:\/\/jgv-kripp.de\/index.php?rest_route=\/wp\/v2\/pages\/111\/revisions\/683"}],"wp:attachment":[{"href":"https:\/\/jgv-kripp.de\/index.php?rest_route=%2Fwp%2Fv2%2Fmedia&parent=111"}],"curies":[{"name":"wp","href":"https:\/\/api.w.org\/{rel}","templated":true}]}}