{"id":112,"date":"2018-06-24T16:01:57","date_gmt":"2018-06-24T16:01:57","guid":{"rendered":"http:\/\/jgv-kripp.de\/?page_id=112"},"modified":"2019-01-09T08:29:22","modified_gmt":"2019-01-09T08:29:22","slug":"strohbaertreiben","status":"publish","type":"page","link":"https:\/\/jgv-kripp.de\/?page_id=112","title":{"rendered":"Strohb\u00e4rtreiben"},"content":{"rendered":"<h1>Strohb\u00e4rtreiben<\/h1>\n<p>Das Strohb\u00e4rtreiben hat eine lange Tradition. Der Strohb\u00e4r wird im Karneval seit 1927 erw\u00e4hnt. Allerdings nicht als Karnevalsfigur, sondern er symbolisiert den Austrieb der Winters und Herbeisehen des Fr\u00fchlings. Gefertigt wird der Strohb\u00e4r aus Stroh, was sich durch lange Halme auszeichnet. Der Tr\u00e4ger dieses Strohkleides, meistens das j\u00fcngste Mitglied im Junggesellenverein, tr\u00e4gt in der Regel dicke Kleidung und hat seinen kopf mit einer M\u00fctze gesch\u00fctzt. Zum Binden werden zwei Personen ben\u00f6tigt, die das j\u00fcngste Mitglied ganz in Stroh einbinden.<\/p>\n<p>&nbsp;<\/p>\n<div id='gallery-1' class='gallery galleryid-112 gallery-columns-3 gallery-size-large'><figure class='gallery-item'>\n\t\t\t<div class='gallery-icon landscape'>\n\t\t\t\t<a href='https:\/\/jgv-kripp.de\/wp-content\/uploads\/2018\/06\/strohbaer2.jpg'><img loading=\"lazy\" decoding=\"async\" width=\"330\" height=\"255\" src=\"https:\/\/jgv-kripp.de\/wp-content\/uploads\/2018\/06\/strohbaer2.jpg\" class=\"attachment-large size-large\" alt=\"\" srcset=\"https:\/\/jgv-kripp.de\/wp-content\/uploads\/2018\/06\/strohbaer2.jpg 330w, https:\/\/jgv-kripp.de\/wp-content\/uploads\/2018\/06\/strohbaer2-300x232.jpg 300w\" sizes=\"auto, (max-width: 330px) 100vw, 330px\" \/><\/a>\n\t\t\t<\/div><\/figure><figure class='gallery-item'>\n\t\t\t<div class='gallery-icon portrait'>\n\t\t\t\t<a href='https:\/\/jgv-kripp.de\/wp-content\/uploads\/2018\/06\/20170225_135309.jpg'><img loading=\"lazy\" decoding=\"async\" width=\"640\" height=\"853\" src=\"https:\/\/jgv-kripp.de\/wp-content\/uploads\/2018\/06\/20170225_135309-768x1024.jpg\" class=\"attachment-large size-large\" alt=\"\" srcset=\"https:\/\/jgv-kripp.de\/wp-content\/uploads\/2018\/06\/20170225_135309-768x1024.jpg 768w, https:\/\/jgv-kripp.de\/wp-content\/uploads\/2018\/06\/20170225_135309-225x300.jpg 225w, https:\/\/jgv-kripp.de\/wp-content\/uploads\/2018\/06\/20170225_135309.jpg 1512w\" sizes=\"auto, (max-width: 640px) 100vw, 640px\" \/><\/a>\n\t\t\t<\/div><\/figure><figure class='gallery-item'>\n\t\t\t<div class='gallery-icon landscape'>\n\t\t\t\t<a href='https:\/\/jgv-kripp.de\/wp-content\/uploads\/2018\/06\/strohbaer1.jpg'><img loading=\"lazy\" decoding=\"async\" width=\"330\" height=\"255\" src=\"https:\/\/jgv-kripp.de\/wp-content\/uploads\/2018\/06\/strohbaer1.jpg\" class=\"attachment-large size-large\" alt=\"\" srcset=\"https:\/\/jgv-kripp.de\/wp-content\/uploads\/2018\/06\/strohbaer1.jpg 330w, https:\/\/jgv-kripp.de\/wp-content\/uploads\/2018\/06\/strohbaer1-300x232.jpg 300w\" sizes=\"auto, (max-width: 330px) 100vw, 330px\" \/><\/a>\n\t\t\t<\/div><\/figure>\n\t\t<\/div>\n\n<p>Im Junggesellenverein Kripp wurde 1949 das Strohb\u00e4rtreiben zur Belustigung der Dorfjugend und der Preismaskenball am Karnevalsdienstag wieder eingef\u00fchrt. Dieses Fest der Narren wurde in den 70er Jahren auf den Karnevalssamstag verlegt und wird heute durch den musikalischen Beitrag des Tambourcorps und verschiedener Gruppierungen aus Kripp und der Umgebung bereichert. Der Preismaskenball ist anderen Karnevalsveranstaltungen gewichen, dass Strohb\u00e4rtreiben als alte Tradition ist dem Ort erhalten geblieben \u2013 und dies ohne Unterbrechung.<\/p>\n<p>&nbsp;<\/p>\n<div id='gallery-2' class='gallery galleryid-112 gallery-columns-3 gallery-size-large'><figure class='gallery-item'>\n\t\t\t<div class='gallery-icon landscape'>\n\t\t\t\t<a href='https:\/\/jgv-kripp.de\/wp-content\/uploads\/2018\/06\/strohbaer3.jpg'><img loading=\"lazy\" decoding=\"async\" width=\"330\" height=\"255\" src=\"https:\/\/jgv-kripp.de\/wp-content\/uploads\/2018\/06\/strohbaer3.jpg\" class=\"attachment-large size-large\" alt=\"\" srcset=\"https:\/\/jgv-kripp.de\/wp-content\/uploads\/2018\/06\/strohbaer3.jpg 330w, https:\/\/jgv-kripp.de\/wp-content\/uploads\/2018\/06\/strohbaer3-300x232.jpg 300w\" sizes=\"auto, (max-width: 330px) 100vw, 330px\" \/><\/a>\n\t\t\t<\/div><\/figure><figure class='gallery-item'>\n\t\t\t<div class='gallery-icon landscape'>\n\t\t\t\t<a href='https:\/\/jgv-kripp.de\/wp-content\/uploads\/2018\/06\/strohbaer4.jpg'><img loading=\"lazy\" decoding=\"async\" width=\"330\" height=\"255\" src=\"https:\/\/jgv-kripp.de\/wp-content\/uploads\/2018\/06\/strohbaer4.jpg\" class=\"attachment-large size-large\" alt=\"\" srcset=\"https:\/\/jgv-kripp.de\/wp-content\/uploads\/2018\/06\/strohbaer4.jpg 330w, https:\/\/jgv-kripp.de\/wp-content\/uploads\/2018\/06\/strohbaer4-300x232.jpg 300w\" sizes=\"auto, (max-width: 330px) 100vw, 330px\" \/><\/a>\n\t\t\t<\/div><\/figure><figure class='gallery-item'>\n\t\t\t<div class='gallery-icon portrait'>\n\t\t\t\t<a href='https:\/\/jgv-kripp.de\/wp-content\/uploads\/2018\/06\/strohbaer5.jpg'><img loading=\"lazy\" decoding=\"async\" width=\"255\" height=\"330\" src=\"https:\/\/jgv-kripp.de\/wp-content\/uploads\/2018\/06\/strohbaer5.jpg\" class=\"attachment-large size-large\" alt=\"\" srcset=\"https:\/\/jgv-kripp.de\/wp-content\/uploads\/2018\/06\/strohbaer5.jpg 255w, https:\/\/jgv-kripp.de\/wp-content\/uploads\/2018\/06\/strohbaer5-232x300.jpg 232w\" sizes=\"auto, (max-width: 255px) 100vw, 255px\" \/><\/a>\n\t\t\t<\/div><\/figure>\n\t\t<\/div>\n\n","protected":false},"excerpt":{"rendered":"<p>Strohb\u00e4rtreiben Das Strohb\u00e4rtreiben hat eine lange Tradition. Der Strohb\u00e4r wird im Karneval seit 1927 erw\u00e4hnt. Allerdings nicht als Karnevalsfigur, sondern er symbolisiert den Austrieb der Winters und Herbeisehen des Fr\u00fchlings. Gefertigt wird der Strohb\u00e4r aus Stroh, was sich durch lange Halme auszeichnet. Der Tr\u00e4ger dieses Strohkleides, meistens das j\u00fcngste Mitglied im Junggesellenverein, tr\u00e4gt in der Regel dicke Kleidung und hat seinen kopf mit einer M\u00fctze gesch\u00fctzt. Zum Binden werden zwei Personen ben\u00f6tigt, die das j\u00fcngste&hellip; <\/p>\n","protected":false},"author":1,"featured_media":0,"parent":0,"menu_order":0,"comment_status":"closed","ping_status":"closed","template":"","meta":{"footnotes":""},"class_list":["post-112","page","type-page","status-publish","hentry"],"_links":{"self":[{"href":"https:\/\/jgv-kripp.de\/index.php?rest_route=\/wp\/v2\/pages\/112","targetHints":{"allow":["GET"]}}],"collection":[{"href":"https:\/\/jgv-kripp.de\/index.php?rest_route=\/wp\/v2\/pages"}],"about":[{"href":"https:\/\/jgv-kripp.de\/index.php?rest_route=\/wp\/v2\/types\/page"}],"author":[{"embeddable":true,"href":"https:\/\/jgv-kripp.de\/index.php?rest_route=\/wp\/v2\/users\/1"}],"replies":[{"embeddable":true,"href":"https:\/\/jgv-kripp.de\/index.php?rest_route=%2Fwp%2Fv2%2Fcomments&post=112"}],"version-history":[{"count":3,"href":"https:\/\/jgv-kripp.de\/index.php?rest_route=\/wp\/v2\/pages\/112\/revisions"}],"predecessor-version":[{"id":684,"href":"https:\/\/jgv-kripp.de\/index.php?rest_route=\/wp\/v2\/pages\/112\/revisions\/684"}],"wp:attachment":[{"href":"https:\/\/jgv-kripp.de\/index.php?rest_route=%2Fwp%2Fv2%2Fmedia&parent=112"}],"curies":[{"name":"wp","href":"https:\/\/api.w.org\/{rel}","templated":true}]}}