{"id":26,"date":"2018-06-24T14:59:23","date_gmt":"2018-06-24T14:59:23","guid":{"rendered":"http:\/\/jgv-kripp.de\/?page_id=26"},"modified":"2025-04-03T15:33:32","modified_gmt":"2025-04-03T15:33:32","slug":"impressum","status":"publish","type":"page","link":"https:\/\/jgv-kripp.de\/?page_id=26","title":{"rendered":"Impressum"},"content":{"rendered":"<h1>Impressum<\/h1>\n<h2>Angaben gem\u00e4\u00df \u00a7 5 TMG<\/h2>\n<div class=\"entry-content\">\n<div id=\"Textfeld\">\n<div id=\"Blocksatz\">\n<div class=\"unterstrich\"><strong>Junggesellenverein Freundschaftsbund Kripp e.V.<\/strong><\/div>\n<\/div>\n<\/div>\n<\/div>\n<p>Vorstand: Vincent Schneider<\/p>\n<p>Mittelstra\u00dfe 16<br \/>\nD-53424 Remagen-Kripp<\/p>\n<p>E-Mail: <a href=\"mailto:1.vorsitzender@jgv-kripp.de\">1.vorsitzender@jgv-kripp.de<\/a><\/p>\n<h2>Kontakt<\/h2>\n<p>Telefon: +4915679202666<br \/>\nE-Mail: <a href=\"mailto:info@jgv-kripp.de\">info@jgv-kripp.de<\/a><\/p>\n<h2>Registereintrag:<\/h2>\n<p>Eintragung im Vereinsregister<br \/>\nRegistergericht: Koblenz<br \/>\nRegisternummer: 10961<br \/>\n<!--Der Junggesellenverein Freundschaftsbund Kripp e.V. ist Mitglied beim XYZ Verband, Stra\u00dfe Hausnr, PLZ Ort--><br \/>\n<!--\n\n\n<h2>Bildnachweise<\/h2>\n\n\n\u00a9 Autor \/ Referenzlink\n\u00a9 Autor \/ Referenzlink\n\u00a9 Autor \/ Referenzlink--><\/p>\n<h2>Umsatzsteuer:<\/h2>\n<p>Umsatzsteuer-Identifikationsnummer gem\u00e4\u00df \u00a727 a Umsatzsteuergesetz:<br \/>\nDEXXXXXXXXX<\/p>\n<p>Verantwortlich f\u00fcr den Inhalt nach \u00a7 55 Abs. 2 RStV:<br \/>\nVincent Schneider, 1. Vorsitzender<\/p>\n<h2>Streitschlichtung<\/h2>\n<p>Die Europ\u00e4ische Kommission stellt eine Plattform zur Online-Streitbeilegung (OS) bereit:\u00a0<a href=\"https:\/\/ec.europa.eu\/consumers\/odr\" target=\"_blank\" rel=\"noopener\">https:\/\/ec.europa.eu\/consumers\/odr<\/a>.<br \/>\nUnsere E-Mail-Adresse finden Sie oben im Impressum.<\/p>\n<p>Wir sind nicht bereit oder verpflichtet, an Streitbeilegungsverfahren vor einer Verbraucherschlichtungsstelle teilzunehmen.<\/p>\n<h3>Haftung f\u00fcr Inhalte<\/h3>\n<p>Als Diensteanbieter sind wir gem\u00e4\u00df \u00a7 7 Abs.1 TMG f\u00fcr eigene Inhalte auf diesen Seiten nach den allgemeinen Gesetzen verantwortlich. Nach \u00a7\u00a7 8 bis 10 TMG sind wir als Diensteanbieter jedoch nicht verpflichtet, \u00fcbermittelte oder gespeicherte fremde Informationen zu \u00fcberwachen oder nach Umst\u00e4nden zu forschen, die auf eine rechtswidrige T\u00e4tigkeit hinweisen.<\/p>\n<p>Verpflichtungen zur Entfernung oder Sperrung der Nutzung von Informationen nach den allgemeinen Gesetzen bleiben hiervon unber\u00fchrt. Eine diesbez\u00fcgliche Haftung ist jedoch erst ab dem Zeitpunkt der Kenntnis einer konkreten Rechtsverletzung m\u00f6glich. Bei Bekanntwerden von entsprechenden Rechtsverletzungen werden wir diese Inhalte umgehend entfernen.<\/p>\n<h3>Haftung f\u00fcr Links<\/h3>\n<p>Unser Angebot enth\u00e4lt Links zu externen Websites Dritter, auf deren Inhalte wir keinen Einfluss haben. Deshalb k\u00f6nnen wir f\u00fcr diese fremden Inhalte auch keine Gew\u00e4hr \u00fcbernehmen. F\u00fcr die Inhalte der verlinkten Seiten ist stets der jeweilige Anbieter oder Betreiber der Seiten verantwortlich. Die verlinkten Seiten wurden zum Zeitpunkt der Verlinkung auf m\u00f6gliche Rechtsverst\u00f6\u00dfe \u00fcberpr\u00fcft. Rechtswidrige Inhalte waren zum Zeitpunkt der Verlinkung nicht erkennbar.<\/p>\n<p>Eine permanente inhaltliche Kontrolle der verlinkten Seiten ist jedoch ohne konkrete Anhaltspunkte einer Rechtsverletzung nicht zumutbar. Bei Bekanntwerden von Rechtsverletzungen werden wir derartige Links umgehend entfernen.<\/p>\n<h3>Urheberrecht<\/h3>\n<p>Die durch die Seitenbetreiber erstellten Inhalte und Werke auf diesen Seiten unterliegen dem deutschen Urheberrecht. Die Vervielf\u00e4ltigung, Bearbeitung, Verbreitung und jede Art der Verwertung au\u00dferhalb der Grenzen des Urheberrechtes bed\u00fcrfen der schriftlichen Zustimmung des jeweiligen Autors bzw. Erstellers. Downloads und Kopien dieser Seite sind nur f\u00fcr den privaten, nicht kommerziellen Gebrauch gestattet.<\/p>\n<p>Soweit die Inhalte auf dieser Seite nicht vom Betreiber erstellt wurden, werden die Urheberrechte Dritter beachtet. Insbesondere werden Inhalte Dritter als solche gekennzeichnet. Sollten Sie trotzdem auf eine Urheberrechtsverletzung aufmerksam werden, bitten wir um einen entsprechenden Hinweis. Bei Bekanntwerden von Rechtsverletzungen werden wir derartige Inhalte umgehend entfernen.<\/p>\n","protected":false},"excerpt":{"rendered":"<p>Impressum Angaben gem\u00e4\u00df \u00a7 5 TMG Junggesellenverein Freundschaftsbund Kripp e.V. Vorstand: Vincent Schneider Mittelstra\u00dfe 16 D-53424 Remagen-Kripp E-Mail: 1.vorsitzender@jgv-kripp.de Kontakt Telefon: +4915679202666 E-Mail: info@jgv-kripp.de Registereintrag: Eintragung im Vereinsregister Registergericht: Koblenz Registernummer: 10961 Umsatzsteuer: Umsatzsteuer-Identifikationsnummer gem\u00e4\u00df \u00a727 a Umsatzsteuergesetz: DEXXXXXXXXX Verantwortlich f\u00fcr den Inhalt nach \u00a7 55 Abs. 2 RStV: Vincent Schneider, 1. Vorsitzender Streitschlichtung Die Europ\u00e4ische Kommission stellt eine Plattform zur Online-Streitbeilegung (OS) bereit:\u00a0https:\/\/ec.europa.eu\/consumers\/odr. Unsere E-Mail-Adresse finden Sie oben im Impressum. Wir sind nicht bereit&hellip; <\/p>\n","protected":false},"author":1,"featured_media":0,"parent":0,"menu_order":0,"comment_status":"closed","ping_status":"closed","template":"","meta":{"footnotes":""},"class_list":["post-26","page","type-page","status-publish","hentry"],"_links":{"self":[{"href":"https:\/\/jgv-kripp.de\/index.php?rest_route=\/wp\/v2\/pages\/26","targetHints":{"allow":["GET"]}}],"collection":[{"href":"https:\/\/jgv-kripp.de\/index.php?rest_route=\/wp\/v2\/pages"}],"about":[{"href":"https:\/\/jgv-kripp.de\/index.php?rest_route=\/wp\/v2\/types\/page"}],"author":[{"embeddable":true,"href":"https:\/\/jgv-kripp.de\/index.php?rest_route=\/wp\/v2\/users\/1"}],"replies":[{"embeddable":true,"href":"https:\/\/jgv-kripp.de\/index.php?rest_route=%2Fwp%2Fv2%2Fcomments&post=26"}],"version-history":[{"count":17,"href":"https:\/\/jgv-kripp.de\/index.php?rest_route=\/wp\/v2\/pages\/26\/revisions"}],"predecessor-version":[{"id":1458,"href":"https:\/\/jgv-kripp.de\/index.php?rest_route=\/wp\/v2\/pages\/26\/revisions\/1458"}],"wp:attachment":[{"href":"https:\/\/jgv-kripp.de\/index.php?rest_route=%2Fwp%2Fv2%2Fmedia&parent=26"}],"curies":[{"name":"wp","href":"https:\/\/api.w.org\/{rel}","templated":true}]}}