{"id":99,"date":"2018-06-24T15:52:58","date_gmt":"2018-06-24T15:52:58","guid":{"rendered":"http:\/\/jgv-kripp.de\/?page_id=99"},"modified":"2019-01-14T10:17:23","modified_gmt":"2019-01-14T10:17:23","slug":"chronik","status":"publish","type":"page","link":"https:\/\/jgv-kripp.de\/?page_id=99","title":{"rendered":"Chronik"},"content":{"rendered":"<h1>Chronik von 1857 bis 2005<\/h1>\n<table border=\"0\" cellspacing=\"0\">\n<tbody>\n<tr>\n<th>\n<div id=\"Blocksatz\" style=\"text-align: left;\"><img loading=\"lazy\" decoding=\"async\" class=\"size-medium wp-image-139 alignleft\" src=\"http:\/\/jgv-kripp.de\/wp-content\/uploads\/2018\/06\/kripphauptstrasse-300x232.jpg\" alt=\"\" width=\"300\" height=\"232\" srcset=\"https:\/\/jgv-kripp.de\/wp-content\/uploads\/2018\/06\/kripphauptstrasse-300x232.jpg 300w, https:\/\/jgv-kripp.de\/wp-content\/uploads\/2018\/06\/kripphauptstrasse.jpg 330w\" sizes=\"auto, (max-width: 300px) 100vw, 300px\" \/>Es war im Jahre 1857, als der erste Pr\u00e4sident Anton Rick mit den Jungm\u00e4nnern von Kripp zusammenfand und den Junggesellenverein ins Leben rief. Sehr schnell entwickelte sich eine harmonische Gemeinschaft, die nicht nach \u00e4u\u00dferen Ehren und materiellen Dingen trachtete, sondern zu einem echten Sammelpunkt gleichgesinnter Jungm\u00e4nner wurde. Man war sich unter dem damaligen Junggesellen einig, altes heimisches Brauchtum und die Geselligkeit zu f\u00f6rdern und zu pflegen. Durch Treue, Energie und starke Einigkeit, aufgebaut auf religi\u00f6ser Grundlage, gelang es der kleinen Schar schon im Gr\u00fcndungsjahr eine Fahne ihr Eigen zu nennen. Fortan veranstaltete der Verein bei jeder Kirmes seine Umz\u00fcge und trug bis zum heutigen Tage zur Versch\u00f6nerung dieses Dorffestes bei. Zun\u00e4chst wurden die alten Kirmesbr\u00e4uche wahrgenommen. W\u00e4hrend des Vereinsaufbaues entstanden neue Sitten und Gebr\u00e4uche. Als erstes wurde die Versteigerung der M\u00e4dchen des Dorfes als Mailehen eingef\u00fchrt, die jedes Jahr am Vorabend des 1. Mai stattfand. Bekannt ist aus der \u00dcberlieferung, dass oft hohe Preise gezahlt wurden. In der Versammlung vom 28. April 1895 verlangte der Pr\u00e4ses des Vereins, Kaplan Kohlbecher aus Remagen, die sofortige Aufhebung dieser Unsitte der M\u00e4dchenversteigerung. Heute findet zu diesem Termin das Ansingen des Maibaumes in der Dorfmitte statt, welches durch den Junggesellenverein zusammen mit dem F\u00f6rderverein des Tambourcorps gestaltet wird. Bemerkenswert ist auch, dass bei der Verheiratung eines Mitgliedes diesem gem\u00e4\u00df den Vereinssatzungen die Pflicht auferlegt wurde, im gleichen Jahr am Kirmes- und Fronleichnamstag in der sakramentalen Prozession den Himmel zu tragen.<img loading=\"lazy\" decoding=\"async\" class=\"size-medium wp-image-141 alignright\" src=\"http:\/\/jgv-kripp.de\/wp-content\/uploads\/2018\/06\/kurhauskripp-300x232.jpg\" alt=\"\" width=\"300\" height=\"232\" srcset=\"https:\/\/jgv-kripp.de\/wp-content\/uploads\/2018\/06\/kurhauskripp-300x232.jpg 300w, https:\/\/jgv-kripp.de\/wp-content\/uploads\/2018\/06\/kurhauskripp.jpg 330w\" sizes=\"auto, (max-width: 300px) 100vw, 300px\" \/> Dieser Brauch hat sich nur bis zum Beginn des ersten Weltkrieges erhalten. Seit der Nachkriegszeit wird dieses hohe Amt von den Mitgliedern der Sch\u00fctzengesellschaft ausge\u00fcbt. So schwanden teilweise bis dahin \u00fcbliche Br\u00e4uche und sitten, neue kamen hinzu. Der Wunsch aller Mitglieder ein Vereinsf\u00e4hndel zu besitzen, wurde erstmals im Jahre 1907 erf\u00fcllt. Ein H\u00f6hepunkt in der Vereinsgeschichte war das Goldene Jubil\u00e4um im gleichen Jahre. Eine wesentliche Ver\u00e4nderung f\u00fcr den Verein sei hier noch erw\u00e4hnt. Am 04. Januar 1912 wurde der Zusammenschluss des Junggesellenvereins mit dem Freundschaftsbund beschlossen. Seither k\u00f6nnen nach der Heirat die jungen Ehem\u00e4nner als inaktive Mitglieder im Vereinverbleiben und werden nach 25j\u00e4hriger Vereinszugeh\u00f6rigkeit als Ehrenmitglied ernannt. Schon damals wurde erkannt, dass \u00e4ltere und junge Mitglieder gemeinsame Arbeit zum Wohle der Dorfgemeinschaft leisten k\u00f6nnen. Ein Jahr sp\u00e4ter konnte der Junggesellenverein-Freundschaftsbund an seinem Stiftungsfeste eine neue Kirchenfahne vorweisen, die dem hl. Josef als Schutzpatron geweiht wurde.<\/div>\n<\/th>\n<\/tr>\n<tr>\n<th>\n<div id=\"Blocksatz\" style=\"text-align: left;\">Mit dem Ausbruch des 1. Weltkrieges und der allgemeinen Mobilmachung wurde dem Vereinsleben ein schwerer Schlag versetzt. 13 Mitglieder sind in der Bl\u00fcte ihrer Jugend drau\u00dfen auf den Feldern des Todes verblieben. Doch kaum fanden die kriegerischen Jahre ein Ende, erbl\u00fchte neues Vereinsleben. <img loading=\"lazy\" decoding=\"async\" class=\"size-medium wp-image-142 alignright\" src=\"http:\/\/jgv-kripp.de\/wp-content\/uploads\/2018\/06\/maisonlaffite-300x232.jpg\" alt=\"\" width=\"300\" height=\"232\" srcset=\"https:\/\/jgv-kripp.de\/wp-content\/uploads\/2018\/06\/maisonlaffite-300x232.jpg 300w, https:\/\/jgv-kripp.de\/wp-content\/uploads\/2018\/06\/maisonlaffite.jpg 330w\" sizes=\"auto, (max-width: 300px) 100vw, 300px\" \/>Trotz der wirtschaftlichen Schwierigkeiten dieser Jahre gelang es dem Junggesellenverein-Freundschaftsbund wieder in den Dienst der Dorfgemeinschaft zu treten. Im Jahre 1926 wurden auf dem Stiftungsfest zwei neue Vereinsfahnen eingeweiht. An den Festz\u00fcgen, beim Kirmes-Weckruf und anderen Anl\u00e4ssen wurden zu Ehren des Pastors, des Ortsvorstehers und verdienter B\u00fcrger das F\u00e4hndel geschwenkt. In der Chronik wird gleichzeitig die Einf\u00fchrung des K\u00f6nigsschie\u00dfens festgehalten, das allj\u00e4hrlich am Schutzfeste des hl. Josef stattfand. Dem Sch\u00fctzenk\u00f6nig wird an Kirmes und am Stiftungsfeste die geb\u00fchrende Ehre zuteil. Er nimmt einen besonderen Platz in den Festz\u00fcgen ein. Die alten Traditionen, insbesondere das F\u00e4hndelschwenken sowie das Setzen des Maibaumes, wurden wieder in den Vordergrund gestellt.<\/div>\n<\/th>\n<\/tr>\n<tr>\n<th>\n<div id=\"Blocksatz\" style=\"text-align: left;\">Mit dem dritten Reich kam wieder eine schlimme Zeit. Die Aufgaben des Vereins wurden weitgehend eingeschr\u00e4nkt. Bei Ausbruch des 2. Weltkrieges wurden viele junge M\u00e4nner zu den Waffen gerufen. Die Vereinst\u00e4tigkeit erlahmte nun ganz. Viele M\u00e4nner aus Kripp kehrten nicht mehr aus dem Kriege zur\u00fcck, darunter 19 Mitglieder des Vereins. Der verbleibende Rest der zur\u00fcckgekehrten Mitglieder, gemeinsam mit der heranwachsenden Jugend, konnte Dank der Initiative des Mitgliedes Matthias F\u00f6hr den Junggesellenverein-Freundschaftsbund am 14. Juli 1947 im Gasthaus \u201eRhein-Ahr\u201c neu gr\u00fcnden. In diesen schweren Nachkriegsjahren sah der Verein seine erste Aufgabe darin, entschlossen zuzupacken. Es galt, die fr\u00fcheren Traditionen wieder aufleben zu lassen, den Nachwuchs zu f\u00f6rdern und die Zukunft des Vereins zu sichern. Zum ersten Male nach dem 2. Weltkrieg wurde am 30. April 1948 der Maibaum aufgestellt. Auch der sch\u00f6ne Brauch des St\u00e4ndchensingens bei der Heirat eines M\u00e4dchens aus dem Dorfe mit einem ausw\u00e4rtigen Manne wurde mit dem 30 Oktober 1948 erneut eingef\u00fchrt. In der jetzigen Zeit ist dies Heulbierholen leider nicht mehr konsequent durchzuf\u00fchren. Auf den Stiftungsfesten des Vereins wurde im Wettstreit der ausw\u00e4rtigen F\u00e4hnriche um das \u201eBand der Goldenen Meile\u201c geschwenkt. In den anschlie\u00dfenden Jahren wurden Kripper F\u00e4hnriche durch das Doppelschwenken weit \u00fcber die Grenzen unseres Ahrkreises bekannt. Ein Kripper F\u00e4hnrich errang im Wettstreit das \u201eBlaue Band vom Siebengebirge\u201c. Der Verein war stets um F\u00e4hnrich-Nachwuchs bem\u00fcht. Es gelang, mit einigen Unterbrechungen, bis zum heutigen Tage diese im Rheinland \u00fcbliche Tradition aufrechtzuerhalten.<\/div>\n<\/th>\n<\/tr>\n<tr>\n<th>\n<div id=\"Blocksatz\" style=\"text-align: left;\">Im Jahre 1948 f\u00fchrte der Junggesellenverein-Freundschaftsbund zusammen mit dem Martinsaus-schuss den Martinstag als Brauchtum in Kripp wieder ein. Anfangs wurde zur Freude der kleinsten und kleinen Dorfbewohner eine Fackelpr\u00e4mierung durchgef\u00fchrt. Diese Tradition ist sp\u00e4ter fallengelassen worden. Die Schule und die Kinderg\u00e4rten erhalten stattdessen eine finanzielle Unterst\u00fctzung aus dem Martinslosverkauf. Des Junggesellenvereins um kleinere Anschaffungen selber t\u00e4tigen zu k\u00f6nnen. Das Aufschichtendes Martinsfeuers und die Durchf\u00fchrung des Martinszuges verbleib allerdings in den H\u00e4nden des Martinsausschusses des Junggesellenvereins.<\/div>\n<\/th>\n<\/tr>\n<tr>\n<th>\n<div id=\"Blocksatz\" style=\"text-align: left;\">Am Karnevalsdienstag des Jahres 1949 trat der Verein mit seinen Veranstaltungen wieder in die \u00d6ffentlichkeit. Au\u00dfer seinem Preismaskenball hat er zur Belustigung der Dorfjugend das beliebte Strohb\u00e4rtreiben wieder eingef\u00fchrt. Dieses Fest der Narren wurde in den 70er Jahren auf denKarnevalssamstag verlegt und wird heute durch den musikalischen Beitrag des Tambourcorps und verschiedener Gruppierungen aus Kripp bereichert. Der Junggesellenverein ist gl\u00fccklich, dass den Krippern dieser Tag des rheinischen Stra\u00dfenkarnevals verblieben ist.<\/div>\n<div id=\"Blocksatz\" style=\"text-align: left;\">Der Preismaskenball ist anderen Karnevalsveranstaltungen gewichen, das<img loading=\"lazy\" decoding=\"async\" class=\"size-medium wp-image-143 alignleft\" src=\"http:\/\/jgv-kripp.de\/wp-content\/uploads\/2018\/06\/karneval-1-300x232.jpg\" alt=\"\" width=\"300\" height=\"232\" srcset=\"https:\/\/jgv-kripp.de\/wp-content\/uploads\/2018\/06\/karneval-1-300x232.jpg 300w, https:\/\/jgv-kripp.de\/wp-content\/uploads\/2018\/06\/karneval-1.jpg 330w\" sizes=\"auto, (max-width: 300px) 100vw, 300px\" \/> Strohb\u00e4rtreiben als alte Tradition ist dem Ort erhalten geblieben \u2013 und dies ohne Unterbrechung. Ein entscheidendes und bedeutungsvolles Ereignis war die Gr\u00fcndung eines Tambourcorps am 14. Mai 1949. Die Ausr\u00fcstung bestand aus alten und gebrauchten Instrumenten, die Uniformen aus schwarzer Hose und wei\u00dfem Hemd. Junge, musikinteressierte Menschen wurden herangebildet. Durch die tatkr\u00e4ftige Arbeit des Tambourmajors Walter Schmitt konnte das Junge Corps bald mit einigen schneidigen M\u00e4rschen die B\u00fcrger von Kripp erfreuen. Die sp\u00e4tere Anschaffung neuer Uniformen wurde durch Spenden der Bev\u00f6lkerung, der hiesigen Industrie und der gro\u00dfz\u00fcgigen Zuwendung der Stadt Remagen unter dem damaligen B\u00fcrgermeister Dr. Kemming erm\u00f6glicht. Seit dem tritt das Tambourcorps bei allen \u00f6ffentlichen Veranstaltungen des Vereins und an allen Festlichkeiten der Dorfvereine auf.<\/div>\n<\/th>\n<\/tr>\n<tr>\n<th><img loading=\"lazy\" decoding=\"async\" class=\"size-medium wp-image-144 alignleft\" src=\"http:\/\/jgv-kripp.de\/wp-content\/uploads\/2018\/06\/koenigsschiessen-300x232.jpg\" alt=\"\" width=\"300\" height=\"232\" srcset=\"https:\/\/jgv-kripp.de\/wp-content\/uploads\/2018\/06\/koenigsschiessen-300x232.jpg 300w, https:\/\/jgv-kripp.de\/wp-content\/uploads\/2018\/06\/koenigsschiessen.jpg 330w\" sizes=\"auto, (max-width: 300px) 100vw, 300px\" \/><\/p>\n<div id=\"Blocksatz\" style=\"text-align: left;\">Das K\u00f6nigsschie\u00dfen wurde im Jahre 1950 wieder aufgenommen und ist seitdem das erste Highlight des Junggesellenvereins im Fr\u00fchling. Dieser Tag wird mit dem morgendlichen Kirchgang und anschlie\u00dfender Ehrung der gefallenen und verstorbenen Mitglieder am Ehrenmal eingeleitet. Die eigentlich interne Veranstaltung ist inzwischen zu einem netten kleinen Dorffest geworden. Gro\u00dfe Teile der Bev\u00f6lkerung wandern an diesem Fr\u00fchlingstag zum Sch\u00fctzenplatz, um mit dem Junggesellenverein den neuen Sch\u00fctzenk\u00f6nig zu feiern. Der ermittelte Sch\u00fctzenk\u00f6nig wird von dem Pr\u00e4ses ausgezeichnet und erh\u00e4lt die K\u00f6nigskette. Der neue Teil der K\u00f6nigskette wurde nach dem 2. Weltkrieg von den Ehrenmitgliedern gestiftet. Der \u00e4ltere Teil wurde w\u00e4hrend des Krieges von dem damaligen Sch\u00fctzenk\u00f6nig Hermann Tempel vergraben und sp\u00e4ter geborgen. So symbolisiert diese Kette heute die Verbundenheit von Generation und gemeinsamer Arbeit. Beim Fr\u00fchschoppen an der Maikirmes erh\u00e4lt der Sch\u00fctzenk\u00f6nig aus der Hand des B\u00fcrgermeisters den von der Stadt gestifteten K\u00f6nigsorden. Die Ehrung der Gefallenen des Dorfes war dem Junggesellenverein vom Ende des 2. Weltkrieges an ein besonderes Anliegen. Seit dem Jahre 1950 wurden die Soldatengr\u00e4ber auf dem Ehrenfriedhof gepflegt. Bis zur Umbettung auf dem Ehrenfriedhof Bad Bodendorf wurde der im Gefangenenlager Kripp verstorbenen Soldaten besonders gedacht. Die neue Gedenkst\u00e4tte f\u00fcr die Gefallenen wurde von dem damaligen Verein f\u00fcr Denkmalpflege unter Vorsitz von Herrn Ernst Dannemann mit unserer Unterst\u00fctzung errichtet. Neben den Vereinsaktivit\u00e4ten hat der Verein immer ein Interessen an den Belangen des Ortes gezeigt In Zusammenarbeit mit dem B\u00fcrgerverein wurden Lose verkauft<\/div>\n<div id=\"Blocksatz\" style=\"text-align: left;\">und aus dem Erl\u00f6s die B\u00fcrgersteige in der Quellenstra\u00dfe angelegt. Mit <img loading=\"lazy\" decoding=\"async\" class=\"size-medium wp-image-145 alignright\" src=\"http:\/\/jgv-kripp.de\/wp-content\/uploads\/2018\/06\/maibaum5-300x232.jpg\" alt=\"\" width=\"300\" height=\"232\" srcset=\"https:\/\/jgv-kripp.de\/wp-content\/uploads\/2018\/06\/maibaum5-300x232.jpg 300w, https:\/\/jgv-kripp.de\/wp-content\/uploads\/2018\/06\/maibaum5.jpg 330w\" sizes=\"auto, (max-width: 300px) 100vw, 300px\" \/>Wirkung eines Beschlusses vom 01. September 1951 nimmt der Verein unter Mitwirkung des Tambourcorps an den Goldenen Hochzeiten mit Fackelzug und St\u00e4ndchen teil, wenn dies von den Jubilaren gew\u00fcnscht ist. In der Vereinschronik wird die Stiftung eines neuen Schwenkf\u00e4hndels durch die Firma Gebr. Breuer dankbar erw\u00e4hnt. Die Gebr\u00fcder Breuer wurden als Ehrenmitglieder ernannt. Nun folgten einige Jahre ruhiger Vereinsgeschichte. Die aufgetretenen Nachwuchsprobleme, verursacht durch den Generationswechsel, mussten in Angriff genommen werden. Durch Vereinsfahrten, andere Geselligkeiten und durch intensive Jugendarbeit wurde das Bestehen des Vereins gesichert. Zu einem begeisternden Erlebnis f\u00fcr die ganze Dorfgemeinschaft und der Mitglieder wurde das 100j\u00e4hrige Stiftungsfest vom 03. \u2013 04. August 1957. Unter der Leitung des Pr\u00e4sidenten G\u00fcnther M\u00f6ller wurde ein umfangreiches Festprogramm geboten und unser Ortsteil stand zwei Tage lang im Zeichen des Junggesellenvereins. Ein imposantes, festliches Bild bot sich bei den Festz\u00fcgen durch den geschm\u00fcckten Ort. Ein weiteres sch\u00f6nes Fest wurde am 28. und 29. Juni 1969 anl\u00e4sslich des 20j\u00e4hrigen Wirkens des Tambourcorps gefeiert. Unter der Schirmherrschaft von Herrn Dechant Hammes wurden auch diese Veranstaltungen f\u00fcr den Verein ein Erfolg. An dieser Stelle gilt Pr\u00e4ses Herrn Dechant Hammes, der von 1969 bis 1985 als Pfarrer von Kripp unser Pr\u00e4ses war besonderer Dank. Er stand dem Junggesellenverein besonders nahe und war sehr aktiv am Geschehen des Vereins beteiligt. Er machte stets deutlich, dass der Ursprung unserer Traditionen und Br\u00e4uche dem kirchlichen Leben entstammt.<\/div>\n<\/th>\n<\/tr>\n<tr>\n<th>\n<div id=\"Blocksatz\" style=\"text-align: left;\"><img loading=\"lazy\" decoding=\"async\" class=\"size-medium wp-image-146 alignleft\" src=\"http:\/\/jgv-kripp.de\/wp-content\/uploads\/2018\/06\/tambour1950-300x232.jpg\" alt=\"\" width=\"300\" height=\"232\" srcset=\"https:\/\/jgv-kripp.de\/wp-content\/uploads\/2018\/06\/tambour1950-300x232.jpg 300w, https:\/\/jgv-kripp.de\/wp-content\/uploads\/2018\/06\/tambour1950.jpg 330w\" sizes=\"auto, (max-width: 300px) 100vw, 300px\" \/>Nach 20j\u00e4hriger T\u00e4tigkeit trat im Jahre 1969 Tambourmajor Walter Schmitt von seinem Amt zur\u00fcck. F\u00fcr sein verdienstvolles Wirken wurde er zum Ehrentambourmajor ernannt. Ab 1971 wurde die Kripper Maikirmes ununterbrochen in einem Festzelt veranstaltet. Trotz dem hohen finanziellen Risiko und einer enormen Mehrarbeit hat der Verein der gesamten B\u00fcrgerschaft die M\u00f6glichkeit erhalten, dieses traditionsreiche Fest gemeinsam zu feiern. Zu ihrem geliebten Fr\u00fchschoppen werden die Einwohner ab 70 Jahre besonders eingeladen und mit kleinen Aufmerksamkeiten bedacht. Dies kann aus Datenschutzgr\u00fcnden heute leider nicht mehr erfolgen, da entsprechende Daten nicht mehr vorhanden sind. Aber auch f\u00fcr die Kinder gibt es allj\u00e4hrlich \u00dcberraschungen und Sondereinlagen musikalischer Art. Die Verantwortlichen des Vereins sind sich bewusst, dass diese gemeinsam gepflegte Gem\u00fctlichkeit eine Besonderheit darstellt und f\u00fcr die Zukunft erhalten bleiben muss. Unter der Leitung des Tambourmajors Klaus H\u00fcppen wurde nach sorgf\u00e4ltiger Vorbereitung eine Jugendabteilung des Tambourcorps gegr\u00fcndet. Diese trat erstmals an der Maikirmes 1973 auf und erwarb sich zunehmend die Sympathien der Bev\u00f6lkerung. Klaus H\u00fcppen und den \u00e4lteren Musikern war das Wachstum des Corps zu verdanken. Unter dem Protektorat von Herrn Minister Heinz Schwarz feierte das Tambourcorps mit einen Fanfaren- und Tambourwettstreit sein 25j\u00e4hriges Bestehen. Zahlreiche ausw\u00e4rtige Vereine k\u00e4mpften um den Pokal der Goldenen Meile. Ein Feuerwerk und ein Starabend vervollst\u00e4ndigten eine bunte Palette von Veranstaltungen. Noch heute ist dieses einmalige Fest den G\u00e4sten aus nah und fern in guter Erinnerung.<\/div>\n<\/th>\n<\/tr>\n<tr>\n<th>\n<div id=\"Blocksatz\" style=\"text-align: left;\">In den folgenden Jahren wurde sich st\u00e4ndig um den Bestand und die Erweiterung des Corps bem\u00fcht. Wanderungen, Werbeabende, Zeltlager und sonstige, f\u00fcr Jugendliche interessante Unternehmungen wurden ausgerichtet. Auf dem Programm stand st\u00e4ndiges \u00dcben und Anlernen durch ausw\u00e4rtige Fachleute. Dank gilt dem Kripper Gewerbe und der Industrie, der F\u00e4hrgesellschaft Linz-Kripp f\u00fcr die finanzielle Hilfe. Nur so war es m\u00f6glich, das Corps mit einer guten instrumentalen Ausr\u00fcstung, Uniformen usw. zu unterhalten. Im Jahre 1978 trat der Spielmanszug dem Kreismusikverband Ahrweiler bei. Hier ergaben sich M\u00f6glichkeiten, musikinteressierte junge Leute zu schulen. An der Kirmes 1979 veranstaltete das Tambourcorps ein Musikfest anl\u00e4sslich seines 30j\u00e4hrigen Bestehens. Die Anteilnahme der B\u00fcrgerschaft war gro\u00df. Es sind heute nicht nur die \u201eKripper Kn\u00fcppelchens-Jonge\u201c, sondern unser Corps ist im Verband, bei den Nachbarvereinen und weit \u00fcber unseren Heimatort hinaus als zielstrebige und angesehene Gruppe bekannt. Auf ausw\u00e4rtigen Wettstreiten wurden Erfolge erzielt, von dem die Gr\u00fcnder tr\u00e4umten. Ma\u00dfgeblichen Anteil an dieser Aufw\u00e4rtsentwicklung hatten der Tambourmajor Klaus H\u00fcppen und Protektor G\u00fcnther M\u00f6ller seit dem Jahre 1969. So beauftragte der Kreismusikverband das Tambourcorps im Junggesellenverein-Freundschaftsbund mit der Austragung des Kreismusikfestes am 16. Mai 1982.<\/div>\n<div id=\"Blocksatz\" style=\"text-align: left;\">Nat\u00fcrlich stand 1982 auch das 125j\u00e4hrige Jubil\u00e4um des <img loading=\"lazy\" decoding=\"async\" class=\"size-medium wp-image-147 alignright\" src=\"http:\/\/jgv-kripp.de\/wp-content\/uploads\/2018\/06\/kirmes1969-300x232.jpg\" alt=\"\" width=\"300\" height=\"232\" srcset=\"https:\/\/jgv-kripp.de\/wp-content\/uploads\/2018\/06\/kirmes1969-300x232.jpg 300w, https:\/\/jgv-kripp.de\/wp-content\/uploads\/2018\/06\/kirmes1969.jpg 330w\" sizes=\"auto, (max-width: 300px) 100vw, 300px\" \/>Junggesellenvereins im Mittelpunkt. So feierte der Verein vom 30. April bis 2. Mai 1982 sein Stiftungsfest. Hierbei weihte der Pr\u00e4ses Dechant Hammes am Sonntagmorgen in der im Zelt abgehaltenen heiligen Messe sein neues F\u00e4hndel. Nat\u00fcrlich durfte auch in diesem Jahr die traditionelle Maikirmes nicht fehlen. Auf beiden Festen verbrachte die Dorfgemeinschaft zusammen mit dem Junggesellenverein ein paar nette Stunden. Nach einigen ruhigen Jahren der Vereinsarbeit gr\u00fcndete man am Freitag, den 27. November 1987, den F\u00f6rderverein des Tambourcorps. Als erster Vorsitzender des Vereins wurde Helmut Schmitt gew\u00e4hlt. Der F\u00f6rderverein unterst\u00fctzt seitdem das Corps und f\u00fchrt das Maiansingen durch. Im Jahre 1994 gab es dann wieder einen Wechsel an der Spitze des Tambourcorps. Nach 25j\u00e4hriger T\u00e4tigkeit las Tambourmajor trat Klaus H\u00fcppen zur\u00fcck. Er \u00fcbergab den Stab an Wolfgang M\u00f6ller und wurde f\u00fcr seine Verdienste um das Corps zum Ehrentambourmajor ernannt. Wolfgang M\u00f6ller f\u00fchrte ab nun das Tambourcorps einer neuen Zukunft entgegen. So galt es bald nach dem Stabwechsel ein 50j\u00e4hriges Vereinsjubil\u00e4um des Tambourcorps im Jahre 1999 zu organisieren.<\/div>\n<\/th>\n<\/tr>\n<tr>\n<th>\n<div id=\"Blocksatz\" style=\"text-align: left;\">Das Highlight f\u00fcr des Corps und die Kripper Bev\u00f6lkerung in diesem Jahr war sicherlich der gro\u00dfe Zapfenstreich auf dem Schulhof und das Jubil\u00e4umskonzert in der Aula der Grundschule am Samstag, den 30. Oktober 1999. Mit Stolz erf\u00fcllt den Junggesellenverein die Tatsache, dass Anfang des 21. Jahrhunderts wieder das Doppelschwenken aufgelebt ist. Auch wenn die Tradition des F\u00e4hndelschwenkens nie aufgegeben wurde, so ist diese Art des Schwenkens doch etwas ganz besonderes. Ende 2004 gab es dann erneut einen Wechsel an der Spitze des Tambourcorps. Nach 10.j\u00e4hriger Dirigentschaft legte Wolfgang M\u00f6ller den Stab des Tambourmajors nieder. Sein Nachfolger wurde leider nur f\u00fcr sehr kurze Zeit Willi Kramer. Er verstarb leider schon im Februar 2005. Trotz seiner kurzen Amtszeit m\u00f6chte sich der Junggesellenverein f\u00fcr seine geleistete Arbeit bedanken und wird seiner immer gedenken.<\/div>\n<\/th>\n<\/tr>\n<tr>\n<th>\n<div id=\"Blocksatz\">Auch dieser Chronik m\u00f6ge der Leser entnehmen, welche Arbeit in unserem Verein geleistet wurde. Es wird auch weiterhin das Bestreben des Junggesellenverein-Freundschaftsbundes sein, alles Sch\u00f6ne und Gute zu erhalten.<\/div>\n<\/th>\n<\/tr>\n<\/tbody>\n<\/table>\n<p id=\"Zentriert\" style=\"text-align: center;\"><em>Treu Gott, Treu deutsch, <\/em><br \/>\n<em>Treu den alten Sitten,<\/em><br \/>\n<em> Rheinisch fr\u00f6hlich, Einig frei<\/em><\/p>\n","protected":false},"excerpt":{"rendered":"<p>Chronik von 1857 bis 2005 Es war im Jahre 1857, als der erste Pr\u00e4sident Anton Rick mit den Jungm\u00e4nnern von Kripp zusammenfand und den Junggesellenverein ins Leben rief. Sehr schnell entwickelte sich eine harmonische Gemeinschaft, die nicht nach \u00e4u\u00dferen Ehren und materiellen Dingen trachtete, sondern zu einem echten Sammelpunkt gleichgesinnter Jungm\u00e4nner wurde. Man war sich unter dem damaligen Junggesellen einig, altes heimisches Brauchtum und die Geselligkeit zu f\u00f6rdern und zu pflegen. Durch Treue, Energie und&hellip; <\/p>\n","protected":false},"author":1,"featured_media":0,"parent":0,"menu_order":0,"comment_status":"closed","ping_status":"closed","template":"","meta":{"footnotes":""},"class_list":["post-99","page","type-page","status-publish","hentry"],"_links":{"self":[{"href":"https:\/\/jgv-kripp.de\/index.php?rest_route=\/wp\/v2\/pages\/99","targetHints":{"allow":["GET"]}}],"collection":[{"href":"https:\/\/jgv-kripp.de\/index.php?rest_route=\/wp\/v2\/pages"}],"about":[{"href":"https:\/\/jgv-kripp.de\/index.php?rest_route=\/wp\/v2\/types\/page"}],"author":[{"embeddable":true,"href":"https:\/\/jgv-kripp.de\/index.php?rest_route=\/wp\/v2\/users\/1"}],"replies":[{"embeddable":true,"href":"https:\/\/jgv-kripp.de\/index.php?rest_route=%2Fwp%2Fv2%2Fcomments&post=99"}],"version-history":[{"count":6,"href":"https:\/\/jgv-kripp.de\/index.php?rest_route=\/wp\/v2\/pages\/99\/revisions"}],"predecessor-version":[{"id":698,"href":"https:\/\/jgv-kripp.de\/index.php?rest_route=\/wp\/v2\/pages\/99\/revisions\/698"}],"wp:attachment":[{"href":"https:\/\/jgv-kripp.de\/index.php?rest_route=%2Fwp%2Fv2%2Fmedia&parent=99"}],"curies":[{"name":"wp","href":"https:\/\/api.w.org\/{rel}","templated":true}]}}